{"id":162,"date":"2016-11-06T18:37:37","date_gmt":"2016-11-06T18:37:37","guid":{"rendered":"https:\/\/lequilibridelcos.com\/ca\/en-que-podemos-ayudarte\/"},"modified":"2016-11-06T18:41:58","modified_gmt":"2016-11-06T18:41:58","slug":"en-que-podemos-ayudarte","status":"publish","type":"page","link":"https:\/\/lequilibridelcos.com\/ca\/en-que-podemos-ayudarte\/","title":{"rendered":"En qu\u00e8 podem ajudar-te?"},"content":{"rendered":"<p>[et_pb_section admin_label=&#8221;section&#8221;][et_pb_row admin_label=&#8221;row&#8221;][et_pb_column type=&#8221;4_4&#8243;][et_pb_text admin_label=&#8221;Texto&#8221; background_layout=&#8221;light&#8221; text_orientation=&#8221;justified&#8221; use_border_color=&#8221;off&#8221; border_color=&#8221;#ffffff&#8221; border_style=&#8221;solid&#8221;]<\/p>\n<p><a id=\"alteraciones-en-la-columna-vertebral-y-malos-habitos-posturales\">&nbsp;<\/a><\/p>\n<h2>Alteracions en la columna vertebral i mals h\u00e0bits posturals.<\/h2>\n<p>La vida \u00e9s moviment i l\u00b4home \u00e9s vida. El nostre cos est\u00e0 disenyat per el moviment, i per aix\u00f2, la vida sedent\u00e0ria que avui en d\u00eda portem \u00e9s una de les principals causes de dolor d\u00b4esquena moltes hores assegut amb males postures, el nostre descans nocturn no \u00e9s l\u2019adequat, i tampoc practiquem cap esport, l\u00b4esquena es va sobrecarregant.  Aquesta sobrec\u00e0rrega pot provocar a les curvatures de la columna, del tipus escoliosi i  hiperlordosi o hipercifosi, o contractures i dolor, que amb el temps poden desenvolupar processos degeneratius com protusions, h\u00e8rnies de disc, artrosi, o processos neurop\u00e1tics (ci\u00e0tiques, cervicobraquialgias\u2026)<br \/>\nLa fisioter\u00e0pia busca identificar aquestes estructures que est\u00e1n produ\u00efnt la sintomatolog\u00eda y tratar-les mitjan\u00e7ant t\u00e9cniques adequades a cada cas i proc\u00e9s. Tot aix\u00f2 juntament amb una s\u00e8rie de pautes i exercicis, milloren la salut i prevenen futures lesions.<\/p>\n<p><a id=\"problemas-musculares\">&nbsp;<\/a><\/p>\n<h2>Problemes musculars.<\/h2>\n<p>A m\u00e9s dels ja coneguts per tots, com son les contractures a l\u00b4esquena, cal esmentar que no nom\u00e9s el sedentarisme \u00e9s l\u00b4\u00fanic causant  d\u00b4aquests dolors avui en d\u00eda. L\u00b4esfor\u00e7\/exces o la bona o mala pr\u00e1ctica d\u00b4esport  tamb\u00e9 poden provocar-los. Donant s\u00edmptomes com sobrec\u00e0rrega muscular, processos inflamatoris, micro trencaments\u2026<br \/>\nEn L\u00b4EquilibriDelCos ajudem a recuperar o prevenir aquestes lesions musculars, al igual que les lesions de tipus articular o altres teixits com pot ser un lligament en el cas d\u00b4un esquin\u00e7.<\/p>\n<p><a id=\"alteraciones-viscerales-funcionales\">&nbsp;<\/a><\/p>\n<h2>Alteracions viscerals  (funcionals).<\/h2>\n<p>\u00bfPot ser una v\u00edscera com l\u00b4est\u00f3mac originar un dolor en una espatlla?.<br \/>\nEs una cosa reconeguda  que quan el cor pateix un infart, el signe d\u00b4 alarma \u00e9s un dolor agut al pit i bra\u00e7 esquerre. Quan \u00e9s t\u00e9nen problemes a la menstruaci\u00f3, les regles doloroses, dol la zona lumbar i abdominal baixa. Aix\u00ed podr\u00edem exposar molts m\u00e9s exemples, que no por menys coneguts, s\u00f3n menys v\u00e1lids.<br \/>\nPerqu\u00e8 una v\u00edscera funcioni b\u00e9, ha de tenir llibertat de moviment i ha d\u00b4estar a la seva posici\u00f3n correcta per realitzar la seva funci\u00f3 de forma \u00f3ptima.<br \/>\nEmocions com l\u00b4estr\u00e9s, poden afectar al funcionament dels \u00f3rgans. La mala alimentaci\u00f3 tamb\u00e9, ja que entre altres coses, pot provocar canvis en la nostra flora intestinal i per tant en les nostres defenses.<br \/>\nLa fisioterapia a trav\u00e9s de t\u00e9cniques viscerals manuals, busca normalitzar la funci\u00f3, relaxar la seva musculatura i eliminar els posibles dolors referits d\u00b4origen, tot aix\u00f2 acompanyat d\u00b4una s\u00e8rie de recomanacions aliment\u00edcies per al bon funcionament dels mateixos.<\/p>\n<p><a id=\"disfunciones-de-suelo-pelvico\/postparto\">&nbsp;<\/a><\/p>\n<h2>Disfuncions del s\u00f2l p\u00e8lvic (postpart).<\/h2>\n<p>La faixa abdominal i la musculatura del sol p\u00e8lvic estan dissenyades per sostenir el tronc i les v\u00edsceres. Amb el pas del temps, embarassos, postures corporals o altres circumst\u00e0ncies, provoquen que la musculatura d\u00b4aquesta zona, vagi disminuint la seva efic\u00e0cia i activitat, podent aix\u00ed, provocar problemes de dolors d\u00b4esquena o incontin\u00e8ncia urinaria. Aquests poden repercutir en la teva vida di\u00e0ria o fins i tot en la qualitat de les teves relacions sexuals.<br \/>\nAmb la fisioter\u00e0pia es reeduca aquesta musculatura millorant els problemes d\u00b4incontin\u00e8ncia i d\u00b4esquena, afavorint un bon control postural, una millora en la funci\u00f3 respirat\u00f2ria o fins i tot podent reduir volum abdominal.<\/p>\n<p><a id=\"pesadez-de-piernas-cansadas\">&nbsp;<\/a><\/p>\n<h2>Pesadesa de cames o cames cansades.<\/h2>\n<p>Problemes de circulaci\u00f3 o determinades \u00e8poques estacionals poden provocar dolors o sensaci\u00f3 de cames cansades o pesades.<br \/>\nUna bona forma de millorar aquests s\u00edmptomes \u00e9s des del punt de la fisioter\u00e0pia mitjan\u00e7ant el Drenatje Limf\u00e0tic Manual. A m\u00e9s ajuda tenir una dieta equilibrada, beure molta aigua i practicar algun tipus d\u00b4activitat f\u00edsica.<\/p>\n<p><a id=\"estres-y-problemas-de-descanso\">&nbsp;<\/a><\/p>\n<h2>Estr\u00e8s i problemes de descans.<\/h2>\n<p>L\u00b4estr\u00e8s \u00e9s una tensi\u00f3 latent que anem creant en reaccionar davant certes situacions o estimuls, b\u00e9 siguin negatius o positius. El cos en aquestes situacions activa el nostre sistema nervi\u00f3s vegetatiu i es produeixen modificacions en les constants vitals, el to muscular o la vascularizaci\u00f3n.<br \/>\nImaginem que ens encarreguen donar una confer\u00e8ncia o ens intenten agredir, en q\u00fcesti\u00f3 de segons el nostre cor comen\u00e7a a bategar accelerament, els nostre m\u00fasculs es tiben, la nostra respiraci\u00f3 es fa m\u00e9s r\u00e1pida i sofrim canvis en la sudoraci\u00f3.<br \/>\nAquesta reacci\u00f3 ha de durar uns minuts per\u00f2 qu\u00e8 succeeix si duren d\u00edes, anys \u2026com a pansa en les situacions d\u00b4estr\u00e9s laboral on no podem fugir ni sortir corrent.<br \/>\nAquests canvis es perpet\u00faen i produeixen patolog\u00eda funcional, com la taquicardia, palpitacions, hipertensi\u00f3 arterial. Per tant, \u00e9s facil pensar en qu\u00e8 per l\u00b4estr\u00e9s o per altre tipus d\u00b4emocions, poden provocar-se alteracions al nostre cos a nivell muscular, articular, visceral o a nivell d\u00b4altres sistemes , com pot ser el sistema immunitari, les nostres defenses,<br \/>\nLa fisioter\u00e0pia aplica t\u00e8cniques que normalitzen el sistema nervi\u00f3s vegetatiu per qu\u00e8 el canvis desencadenats per la seva activaci\u00f3 s\u00b4atenuin i el nostre cos deixi de sentir-se amena\u00e7at descan\u00e7ant millor, relaxant la musculatura i millorant la funci\u00f3 visceral, entre altres coses.<\/p>\n<p><a id=\"dolores-de-cabeza-migra\u00f1as-mareos\">&nbsp;<\/a><\/p>\n<h2>Mals de cap, migranyes o marejos.<\/h2>\n<p>Els mals de cap s\u00f3n un problema freq\u00fcent avui en d\u00eda hagut al ritme i estil de vida que portem, Per aix\u00f2, no \u00e9s rar trobar entre les causes m\u00e9s freq\u00fcents l\u00b4estr\u00e8s f\u00edsic i emocional al que ens veiem sotmesos.<br \/>\nLa fisioter\u00e0pia pot alleujar aquests maldecaps, relaxant les estructures simplicades, mitjan\u00e7ant t\u00e8cniques manuals.<\/p>\n<p>[\/et_pb_text][\/et_pb_column][\/et_pb_row][\/et_pb_section]<\/p>\n","protected":false},"excerpt":{"rendered":"<p>&nbsp; Alteracions en la columna vertebral i mals&#8230;<\/p>\n","protected":false},"author":1,"featured_media":0,"parent":0,"menu_order":0,"comment_status":"closed","ping_status":"closed","template":"page-full.php","meta":{"_et_pb_use_builder":"on","_et_pb_old_content":"","_et_gb_content_width":""},"_links":{"self":[{"href":"https:\/\/lequilibridelcos.com\/ca\/wp-json\/wp\/v2\/pages\/162"}],"collection":[{"href":"https:\/\/lequilibridelcos.com\/ca\/wp-json\/wp\/v2\/pages"}],"about":[{"href":"https:\/\/lequilibridelcos.com\/ca\/wp-json\/wp\/v2\/types\/page"}],"author":[{"embeddable":true,"href":"https:\/\/lequilibridelcos.com\/ca\/wp-json\/wp\/v2\/users\/1"}],"replies":[{"embeddable":true,"href":"https:\/\/lequilibridelcos.com\/ca\/wp-json\/wp\/v2\/comments?post=162"}],"version-history":[{"count":2,"href":"https:\/\/lequilibridelcos.com\/ca\/wp-json\/wp\/v2\/pages\/162\/revisions"}],"predecessor-version":[{"id":164,"href":"https:\/\/lequilibridelcos.com\/ca\/wp-json\/wp\/v2\/pages\/162\/revisions\/164"}],"wp:attachment":[{"href":"https:\/\/lequilibridelcos.com\/ca\/wp-json\/wp\/v2\/media?parent=162"}],"curies":[{"name":"wp","href":"https:\/\/api.w.org\/{rel}","templated":true}]}}