{"id":166,"date":"2016-11-06T14:05:07","date_gmt":"2016-11-06T14:05:07","guid":{"rendered":"https:\/\/lequilibridelcos.com\/ca\/quienes-somos\/"},"modified":"2025-07-20T12:28:19","modified_gmt":"2025-07-20T12:28:19","slug":"qui-som","status":"publish","type":"page","link":"https:\/\/lequilibridelcos.com\/ca\/qui-som\/","title":{"rendered":"Qui som"},"content":{"rendered":"<p>[et_pb_section fb_built=&#8221;1&#8243; admin_label=&#8221;section&#8221; _builder_version=&#8221;4.16&#8243; global_colors_info=&#8221;{}&#8221;][et_pb_row admin_label=&#8221;row&#8221; _builder_version=&#8221;4.16&#8243; background_size=&#8221;initial&#8221; background_position=&#8221;top_left&#8221; background_repeat=&#8221;repeat&#8221; global_colors_info=&#8221;{}&#8221;][et_pb_column type=&#8221;4_4&#8243; _builder_version=&#8221;4.16&#8243; custom_padding=&#8221;|||&#8221; global_colors_info=&#8221;{}&#8221; custom_padding__hover=&#8221;|||&#8221;][et_pb_text admin_label=&#8221;Texto&#8221; _builder_version=&#8221;4.16&#8243; background_size=&#8221;initial&#8221; background_position=&#8221;top_left&#8221; background_repeat=&#8221;repeat&#8221; use_border_color=&#8221;off&#8221; border_color=&#8221;#ffffff&#8221; border_style=&#8221;solid&#8221; global_colors_info=&#8221;{}&#8221;]<\/p>\n<p>Som un espai obert i proper que busca oferir-te un servei de qualitat profesional y personal.<br \/>Estem especialitzats en Ter\u00e0pia Manual i ens mantenim en constant formaci\u00f3 per continuar creixent sempre com a professionals i aix\u00ed poder oferir-te el millor en Fisioter\u00e0pia.<\/p>\n<p>[\/et_pb_text][et_pb_image src=&#8221;http:\/\/lequilibridelcos.com\/wp-content\/uploads\/2016\/11\/Quienes-Somos.jpg&#8221; align=&#8221;center&#8221; align_tablet=&#8221;center&#8221; align_phone=&#8221;center&#8221; align_last_edited=&#8221;on|desktop&#8221; admin_label=&#8221;Imagen&#8221; _builder_version=&#8221;4.16&#8243; animation_style=&#8221;fade&#8221; animation_duration=&#8221;500ms&#8221; use_border_color=&#8221;off&#8221; border_color=&#8221;#ffffff&#8221; border_style=&#8221;solid&#8221; animation=&#8221;fade_in&#8221; sticky=&#8221;off&#8221; always_center_on_mobile=&#8221;on&#8221; global_colors_info=&#8221;{}&#8221;][\/et_pb_image][et_pb_text admin_label=&#8221;Texto&#8221; _builder_version=&#8221;4.19.4&#8243; background_size=&#8221;initial&#8221; background_position=&#8221;top_left&#8221; background_repeat=&#8221;repeat&#8221; text_orientation=&#8221;justified&#8221; hover_enabled=&#8221;0&#8243; use_border_color=&#8221;off&#8221; border_color=&#8221;#ffffff&#8221; border_style=&#8221;solid&#8221; global_colors_info=&#8221;{}&#8221; sticky_enabled=&#8221;0&#8243;]<\/p>\n<div class=\"equipo-clinica\">\n<div class=\"redes-sociales\"><i class=\"fa fa-envelope\"><\/i><br \/><i class=\"fa fa-linkedin-square\"><\/i><\/div>\n<div class=\"curriculum\">\n<h3 style=\"text-align: justify;\">Luc\u00eda Cortizas de Castro<\/h3>\n<p>Diplomada en Fisioter\u00e0pia. N\u00ba de Col\u00b7legiada 10285<br \/>Formaci\u00f3 continuada<\/p>\n<ul class=\"vitruvio-list\">\n<li>Curs expert en Punts Gallet i Dolor Miofascial. Universitat Europea de \u00a0Madrid.<\/li>\n<li>Curs expert en Fisioter\u00e0pia Manual Ortop\u00e9dica. Universitat Europea de \u00a0Madrid.<\/li>\n<li>Instructora de Mat Pilates. Associaci\u00f3 Espanyola de Pilates, Tai Chi i Qi Gong i la Federaci\u00f3 Espanyola de Pilates i Tai Chi.<\/li>\n<li>T\u00e8cniques de Reeducaci\u00f3 de la Postura. Cosglobal. Barcelona.<\/li>\n<li>Experta en Inducci\u00f3 Miofascial. Facultat de Fisioter\u00e0pia de la Corunya.<\/li>\n<li>Curs en alteracions viscerals. Cosglobal, Barcelona.<\/li>\n<li>\u00a0Curs de Fisioter\u00e0pia Uroginecol\u00f3gica. Postpart i Fisioter\u00e0pia de les disfuncions del s\u00f2l p\u00e8lvic. Col\u00b7legi de Fisioterapeutes de Catalunya, Barcelona.<\/li>\n<\/ul>\n<\/div>\n<div class=\"clear\">\u00a0<\/div>\n<\/div>\n<div class=\"equipo-clinica\">\n<div class=\"redes-sociales\">\u00a0<\/div>\n<div class=\"curriculum\">\n<h3 style=\"text-align: justify;\">Neus Garcia Calvet<\/h3>\n<p>Diplomada en fisioter\u00e0pia. N\u00ba de col\u00b7legiada 35<br \/>Oste\u00f3pata. Escola de Osteopat\u00eda de Barcelona (I.O.B)<br \/>Llicenciada en psicolog\u00eda. N\u00ba de col\u00b7legiada 22217<\/p>\n<p>Formaci\u00f3 continuada:<\/p>\n<ul class=\"vitruvio-list\">\n<li>Formaci\u00f3 espec\u00edfica en ginecologia i obstetr\u00edcia; en RPG (reeducaci\u00f3 postural global); en el eneagrama, en t\u00e8cniques de relaxaci\u00f3 i en consci\u00e8ncia corporal (Philippe Souchard).<\/li>\n<li>Postgrau d\u00b4abordatge ginecol\u00f2gic transgeneracional osteop\u00e0tic (Escola del concepte Osteop\u00e0tic).<\/li>\n<li>Postgrau de Ginecolog\u00eda (Escola del concepte Osteop\u00e0tic).<\/li>\n<li>Postgrau d\u00b4Obstetr\u00edcia i Ginecolog\u00eda (Escola d\u00b4Osteopat\u00eda de Barcelona).<\/li>\n<li>Curs d\u00b4Auriculoterapia (Institut Superior de Medicines Tradicionals).<\/li>\n<li>Curs \u201cHabilitats i compet\u00e8ncies a trav\u00e9s del coaching personal\u201d (Universitat de Cant\u00e0bria a trav\u00e9s de Mir\u00edadax)).<\/li>\n<\/ul>\n<\/div>\n<\/div>\n<div class=\"equipo-clinica\">\n<div class=\"curriculum\">\n<h3 style=\"text-align: justify;\">Noelia Mendoza Gonz\u00e1lez<\/h3>\n<p style=\"text-align: justify;\">Diplomada en fisioterapia. N\u00ba de colegiada 15148.<br \/>Formaci\u00f3n continuada:<\/p>\n<ul class=\"vitruvio-list\">\n<li>Experto Universitario en fisioterapia manual avanzada 2012\/2013<\/li>\n<li>Curso en Pilates aplicado en fisioterapia 2014<\/li>\n<li>Curso en valoraci\u00f3n y tratamiento de las disfunciones lumbo-p\u00e9lvicas en el embarazo 2017\/2018<\/li>\n<li>Curso en masaje instrumental asistido 2019<\/li>\n<li>Curso en t\u00e9cnica Mulligan 2019<\/li>\n<li>Curso en valoraci\u00f3n y tratamiento de la ATM 2020<\/li>\n<li>Curso en t\u00e9cnicas hipopresivas en fisioterapia 2020<\/li>\n<li>Curso de actualizaci\u00f3n en ejercicio terap\u00e9utico 2021<\/li>\n<\/ul>\n<\/div>\n<div class=\"clear\">\u00a0<\/div>\n<\/div>\n<div class=\"equipo-clinica\">\n<div class=\"redes-sociales\">\u00a0<\/div>\n<div class=\"curriculum\">\n<h3 style=\"text-align: justify;\">Ana Castro Larios<\/h3>\n<p>Diplomada en Fisioter\u00e0pia. N\u00ba de Col\u00b7legiada\u00a09589<br \/>Formaci\u00f3 continuada<\/p>\n<ul class=\"vitruvio-list\">\n<li>Postgrau en Ter\u00e0pia Manual segons el concepte POLD. Universitat Internacional de Catalunya.<\/li>\n<li>Postgrau d\u00b4Osteopat\u00eda Energ\u00e8tica Informacional, m\u00e8tode Poyet. Universitat Internacional de Catalunya.<\/li>\n<li>Curs de Pilates per a fisioterapeutes, Fisioplus Pilates. Barcelona.<\/li>\n<li>Curs de Pilates instrumental per a fisioterapeutes. Fisioformaci\u00f3. Barcelona.<\/li>\n<li>Curs de Gimn\u00e0stica Abdominohipopressiva. Escoles Universit\u00e0ries Gimbernat i Tom\u00e0s Cerd\u00e0.<\/li>\n<li>Curs de fisioter\u00e0pia Obstetr\u00edcia i Postpart. RAP Barcelona<\/li>\n<\/ul>\n<\/div>\n<\/div>\n<p>[\/et_pb_text][\/et_pb_column][\/et_pb_row][\/et_pb_section]<\/p>\n","protected":false},"excerpt":{"rendered":"<p>Som un espai obert i proper que busca oferir-te un&#8230;<\/p>\n","protected":false},"author":1,"featured_media":0,"parent":0,"menu_order":0,"comment_status":"closed","ping_status":"closed","template":"page-full.php","meta":{"_et_pb_use_builder":"on","_et_pb_old_content":"","_et_gb_content_width":""},"_links":{"self":[{"href":"https:\/\/lequilibridelcos.com\/ca\/wp-json\/wp\/v2\/pages\/166"}],"collection":[{"href":"https:\/\/lequilibridelcos.com\/ca\/wp-json\/wp\/v2\/pages"}],"about":[{"href":"https:\/\/lequilibridelcos.com\/ca\/wp-json\/wp\/v2\/types\/page"}],"author":[{"embeddable":true,"href":"https:\/\/lequilibridelcos.com\/ca\/wp-json\/wp\/v2\/users\/1"}],"replies":[{"embeddable":true,"href":"https:\/\/lequilibridelcos.com\/ca\/wp-json\/wp\/v2\/comments?post=166"}],"version-history":[{"count":8,"href":"https:\/\/lequilibridelcos.com\/ca\/wp-json\/wp\/v2\/pages\/166\/revisions"}],"predecessor-version":[{"id":449,"href":"https:\/\/lequilibridelcos.com\/ca\/wp-json\/wp\/v2\/pages\/166\/revisions\/449"}],"wp:attachment":[{"href":"https:\/\/lequilibridelcos.com\/ca\/wp-json\/wp\/v2\/media?parent=166"}],"curies":[{"name":"wp","href":"https:\/\/api.w.org\/{rel}","templated":true}]}}