{"id":171,"date":"2016-11-04T20:07:58","date_gmt":"2016-11-04T20:07:58","guid":{"rendered":"https:\/\/lequilibridelcos.com\/ca\/tratamientos\/"},"modified":"2016-11-06T21:11:00","modified_gmt":"2016-11-06T21:11:00","slug":"tractaments","status":"publish","type":"page","link":"https:\/\/lequilibridelcos.com\/ca\/tractaments\/","title":{"rendered":"Tractaments"},"content":{"rendered":"<p>[et_pb_section admin_label=&#8221;section&#8221;][et_pb_row admin_label=&#8221;row&#8221;][et_pb_column type=&#8221;4_4&#8243;][et_pb_text admin_label=&#8221;Texto&#8221; background_layout=&#8221;light&#8221; text_orientation=&#8221;left&#8221; use_border_color=&#8221;off&#8221; border_color=&#8221;#ffffff&#8221; border_style=&#8221;solid&#8221;]<\/p>\n<p>L\u00b4EquilibriDelCos t\u00e9 com a objectiu oferir-te el tractament m\u00e9s adequat a la teva dol\u00e8ncia des d&#8217;una visi\u00f3 global del cos, on tu puguis establir una confian\u00e7a plena amb el terapeuta dins d&#8217;un entorn agradable, c\u00f2mode i professional.<br \/>\nQuan acudeixes al nostre centre, en la primera visita redactem una hist\u00f2ria cl\u00ednica arran d&#8217;una conversa en la qual t&#8217;escoltem i fem una s\u00e8rie de preguntes sanit\u00e0ries, despr\u00e9s d&#8217;aix\u00f2 es fa una valoraci\u00f3, que \u00e9s la que ens permet arribar al diagn\u00f2stic m\u00e9s prec\u00eds possible.<br \/>\nEls tractaments que oferim s\u00f3n:<\/p>\n<ul>\n<li>Ter\u00e0pia Manual<\/li>\n<li>Reeducaci\u00f3 postural<\/li>\n<li>Alteracions viscerals<\/li>\n<li>Disfuncions del s\u00f2l p\u00e8lvic<\/li>\n<li>Hipopresivos<\/li>\n<li>Inducci\u00f3 miofascial<\/li>\n<li>Ter\u00e0pia craneo-sacra<\/li>\n<li>Neurodinamia<\/li>\n<li>Electroter\u00e0pia<\/li>\n<li>Massatges terap\u00e8utics i relaxants<\/li>\n<li>Massatge esportiu<\/li>\n<li>Drenatge Limf\u00e0tic Manual<\/li>\n<li>Punts Gallet<\/li>\n<li>Kinesiotapping<\/li>\n<li>\u2026.entre uns altres.<\/li>\n<\/ul>\n<p>[\/et_pb_text][et_pb_image admin_label=&#8221;Imagen&#8221; src=&#8221;http:\/\/lequilibridelcos.com\/wp-content\/uploads\/2016\/11\/tratamientos.jpg&#8221; alt=&#8221;Tratamientos&#8221; show_in_lightbox=&#8221;off&#8221; url_new_window=&#8221;off&#8221; use_overlay=&#8221;off&#8221; animation=&#8221;fade_in&#8221; sticky=&#8221;on&#8221; align=&#8221;center&#8221; force_fullwidth=&#8221;off&#8221; always_center_on_mobile=&#8221;on&#8221; use_border_color=&#8221;off&#8221; border_color=&#8221;#ffffff&#8221; border_style=&#8221;solid&#8221;] [\/et_pb_image][et_pb_text admin_label=&#8221;Texto&#8221; background_layout=&#8221;light&#8221; text_orientation=&#8221;left&#8221; use_border_color=&#8221;off&#8221; border_color=&#8221;#ffffff&#8221; border_style=&#8221;solid&#8221;]<\/p>\n<p>Tamb\u00e9 realitzem tractaments a domicili<\/p>\n<p>Pots contactar amb nosaltres en el tel\u00e8fon 634591303 o per e-mail al correu <a href=\"mailto:lequilibridelcos@fisioterapeutes.org\" target=\"_blank\">lequilibridelcos@<wbr \/>fisioterapeutes.org<\/a><\/p>\n<p>[\/et_pb_text][\/et_pb_column][\/et_pb_row][\/et_pb_section]<\/p>\n","protected":false},"excerpt":{"rendered":"<p>L\u00b4EquilibriDelCos t\u00e9 com a objectiu oferir-te el&#8230;<\/p>\n","protected":false},"author":1,"featured_media":0,"parent":0,"menu_order":0,"comment_status":"closed","ping_status":"closed","template":"page-full.php","meta":{"_et_pb_use_builder":"on","_et_pb_old_content":"","_et_gb_content_width":""},"_links":{"self":[{"href":"https:\/\/lequilibridelcos.com\/ca\/wp-json\/wp\/v2\/pages\/171"}],"collection":[{"href":"https:\/\/lequilibridelcos.com\/ca\/wp-json\/wp\/v2\/pages"}],"about":[{"href":"https:\/\/lequilibridelcos.com\/ca\/wp-json\/wp\/v2\/types\/page"}],"author":[{"embeddable":true,"href":"https:\/\/lequilibridelcos.com\/ca\/wp-json\/wp\/v2\/users\/1"}],"replies":[{"embeddable":true,"href":"https:\/\/lequilibridelcos.com\/ca\/wp-json\/wp\/v2\/comments?post=171"}],"version-history":[{"count":2,"href":"https:\/\/lequilibridelcos.com\/ca\/wp-json\/wp\/v2\/pages\/171\/revisions"}],"predecessor-version":[{"id":173,"href":"https:\/\/lequilibridelcos.com\/ca\/wp-json\/wp\/v2\/pages\/171\/revisions\/173"}],"wp:attachment":[{"href":"https:\/\/lequilibridelcos.com\/ca\/wp-json\/wp\/v2\/media?parent=171"}],"curies":[{"name":"wp","href":"https:\/\/api.w.org\/{rel}","templated":true}]}}