{"id":175,"date":"2016-11-06T17:35:27","date_gmt":"2016-11-06T17:35:27","guid":{"rendered":"https:\/\/lequilibridelcos.com\/ca\/donde-estamos\/"},"modified":"2016-11-06T21:12:50","modified_gmt":"2016-11-06T21:12:50","slug":"on-estem","status":"publish","type":"page","link":"https:\/\/lequilibridelcos.com\/ca\/on-estem\/","title":{"rendered":"On estem"},"content":{"rendered":"<p>[et_pb_section admin_label=&#8221;section&#8221; fullwidth=&#8221;on&#8221; specialty=&#8221;off&#8221;][et_pb_fullwidth_map admin_label=&#8221;Fullwidth Map&#8221; zoom_level=&#8221;10&#8243; address_lat=&#8221;37.27774935596901&#8243; address_lng=&#8221;-120.48238852246095&#8243; mouse_wheel=&#8221;on&#8221; mobile_dragging=&#8221;on&#8221;] [et_pb_map_pin title=&#8221;L&#8217;Equilibri del Cos&#8221; pin_address=&#8221;Carrer del Cinca, 120, 08030 Barcelona, Espa\u00f1a&#8221; pin_address_lat=&#8221;41.44190810000001&#8243; pin_address_lng=&#8221;2.1920856000000413&#8243;][\/et_pb_map_pin] [\/et_pb_fullwidth_map][\/et_pb_section][et_pb_section admin_label=&#8221;section&#8221; fullwidth=&#8221;off&#8221;][et_pb_row admin_label=&#8221;Fila&#8221;][et_pb_column type=&#8221;4_4&#8243;][et_pb_text admin_label=&#8221;Text&#8221; background_layout=&#8221;light&#8221; text_orientation=&#8221;justified&#8221; use_border_color=&#8221;off&#8221; border_color=&#8221;#ffffff&#8221; border_style=&#8221;solid&#8221;]<\/p>\n<p>Estem al barri de Sant Andreu al carrer Cinca numero 120-122, T. 634 591 303 \/ 93 5124 220. El centre \u00e9s un baix que est\u00e0 situat a peu de carrer i completament adaptat a persones amb mobilitat redu\u00efda.<\/p>\n<p>Com arribar:<\/p>\n<ul>\n<li>Amb metro: L\u00ednia 1 &#8211; parada Torras i Bages<\/li>\n<li>En Rodalies: L\u00ednies R2 parada estaci\u00f3 de Sants<\/li>\n<li>Andreu Comtal Amb autob\u00fas: L\u00ednies 40, 73, 96, 126, 127<\/li>\n<\/ul>\n<p>[\/et_pb_text][\/et_pb_column][\/et_pb_row][\/et_pb_section]<\/p>\n","protected":false},"excerpt":{"rendered":"<p>Estem al barri de Sant Andreu al carrer Cinca numero&#8230;<\/p>\n","protected":false},"author":1,"featured_media":0,"parent":0,"menu_order":0,"comment_status":"closed","ping_status":"closed","template":"page-full.php","meta":{"_et_pb_use_builder":"on","_et_pb_old_content":"","_et_gb_content_width":""},"_links":{"self":[{"href":"https:\/\/lequilibridelcos.com\/ca\/wp-json\/wp\/v2\/pages\/175"}],"collection":[{"href":"https:\/\/lequilibridelcos.com\/ca\/wp-json\/wp\/v2\/pages"}],"about":[{"href":"https:\/\/lequilibridelcos.com\/ca\/wp-json\/wp\/v2\/types\/page"}],"author":[{"embeddable":true,"href":"https:\/\/lequilibridelcos.com\/ca\/wp-json\/wp\/v2\/users\/1"}],"replies":[{"embeddable":true,"href":"https:\/\/lequilibridelcos.com\/ca\/wp-json\/wp\/v2\/comments?post=175"}],"version-history":[{"count":1,"href":"https:\/\/lequilibridelcos.com\/ca\/wp-json\/wp\/v2\/pages\/175\/revisions"}],"predecessor-version":[{"id":176,"href":"https:\/\/lequilibridelcos.com\/ca\/wp-json\/wp\/v2\/pages\/175\/revisions\/176"}],"wp:attachment":[{"href":"https:\/\/lequilibridelcos.com\/ca\/wp-json\/wp\/v2\/media?parent=175"}],"curies":[{"name":"wp","href":"https:\/\/api.w.org\/{rel}","templated":true}]}}