{"id":178,"date":"2016-11-04T18:27:45","date_gmt":"2016-11-04T18:27:45","guid":{"rendered":"https:\/\/lequilibridelcos.com\/ca\/inicio\/"},"modified":"2016-11-06T22:11:14","modified_gmt":"2016-11-06T22:11:14","slug":"inicio","status":"publish","type":"page","link":"https:\/\/lequilibridelcos.com\/ca\/","title":{"rendered":"Inici"},"content":{"rendered":"<p>[et_pb_section admin_label=&#8221;section&#8221;][et_pb_row admin_label=&#8221;row&#8221;][et_pb_column type=&#8221;4_4&#8243;][et_pb_slider admin_label=&#8221;Deslizador&#8221; show_arrows=&#8221;on&#8221; show_pagination=&#8221;on&#8221; auto=&#8221;on&#8221; auto_ignore_hover=&#8221;off&#8221; parallax=&#8221;off&#8221; parallax_method=&#8221;off&#8221; remove_inner_shadow=&#8221;off&#8221; background_position=&#8221;default&#8221; background_size=&#8221;default&#8221; hide_content_on_mobile=&#8221;off&#8221; hide_cta_on_mobile=&#8221;off&#8221; show_image_video_mobile=&#8221;off&#8221; custom_button=&#8221;off&#8221; button_letter_spacing=&#8221;0&#8243; button_use_icon=&#8221;default&#8221; button_icon_placement=&#8221;right&#8221; button_on_hover=&#8221;on&#8221; button_letter_spacing_hover=&#8221;0&#8243; header_font_size=&#8221;65&#8243; header_text_color=&#8221;#563b77&#8243; button_text_color=&#8221;#563b77&#8243; button_bg_color=&#8221;#563b77&#8243; body_line_height=&#8221;1.3em&#8221; body_line_height_last_edited=&#8221;off|&#8221; button_border_color=&#8221;#ffffff&#8221; module_class=&#8221;slider-portada&#8221;]<\/p>\n<p>[et_pb_slide heading=&#8221;Fisioterapia&#8221; background_image=&#8221;http:\/\/lequilibridelcos.com\/wp-content\/uploads\/2016\/11\/Fisioterapia.jpg&#8221; background_position=&#8221;default&#8221; background_size=&#8221;default&#8221; background_color=&#8221;#ffffff&#8221; use_bg_overlay=&#8221;off&#8221; use_text_overlay=&#8221;off&#8221; alignment=&#8221;center&#8221; background_layout=&#8221;dark&#8221; allow_player_pause=&#8221;off&#8221; text_border_radius=&#8221;3&#8243; header_font_select=&#8221;default&#8221; header_font=&#8221;||||&#8221; body_font_select=&#8221;default&#8221; body_font=&#8221;||||&#8221; custom_button=&#8221;off&#8221; button_font_select=&#8221;default&#8221; button_font=&#8221;||||&#8221; button_use_icon=&#8221;default&#8221; button_icon_placement=&#8221;right&#8221; button_on_hover=&#8221;on&#8221;][\/et_pb_slide][et_pb_slide heading=&#8221;Osteopat\u00eda&#8221; background_image=&#8221;http:\/\/lequilibridelcos.com\/wp-content\/uploads\/2016\/11\/Osteopat\u00eda.jpg&#8221; background_position=&#8221;default&#8221; background_size=&#8221;default&#8221; background_color=&#8221;#ffffff&#8221; use_bg_overlay=&#8221;off&#8221; use_text_overlay=&#8221;off&#8221; alignment=&#8221;center&#8221; background_layout=&#8221;dark&#8221; allow_player_pause=&#8221;off&#8221; text_border_radius=&#8221;3&#8243; header_font_select=&#8221;default&#8221; header_font=&#8221;||||&#8221; body_font_select=&#8221;default&#8221; body_font=&#8221;||||&#8221; custom_button=&#8221;off&#8221; button_font_select=&#8221;default&#8221; button_font=&#8221;||||&#8221; button_use_icon=&#8221;default&#8221; button_icon_placement=&#8221;right&#8221; button_on_hover=&#8221;on&#8221;][\/et_pb_slide][et_pb_slide heading=&#8221;Psicolog\u00eda&#8221; background_image=&#8221;http:\/\/lequilibridelcos.com\/wp-content\/uploads\/2016\/11\/Psicolog\u00eda.jpg&#8221; background_position=&#8221;default&#8221; background_size=&#8221;default&#8221; background_color=&#8221;#ffffff&#8221; use_bg_overlay=&#8221;off&#8221; use_text_overlay=&#8221;off&#8221; alignment=&#8221;center&#8221; background_layout=&#8221;dark&#8221; allow_player_pause=&#8221;off&#8221; text_border_radius=&#8221;3&#8243; header_font_select=&#8221;default&#8221; header_font=&#8221;||||&#8221; body_font_select=&#8221;default&#8221; body_font=&#8221;||||&#8221; custom_button=&#8221;off&#8221; button_font_select=&#8221;default&#8221; button_font=&#8221;||||&#8221; button_use_icon=&#8221;default&#8221; button_icon_placement=&#8221;right&#8221; button_on_hover=&#8221;on&#8221;][\/et_pb_slide][et_pb_slide heading=&#8221;Clases personalizadas&#8221; background_image=&#8221;http:\/\/lequilibridelcos.com\/wp-content\/uploads\/2016\/11\/Clases-personalizadas.jpg&#8221; background_position=&#8221;default&#8221; background_size=&#8221;default&#8221; background_color=&#8221;#ffffff&#8221; use_bg_overlay=&#8221;off&#8221; use_text_overlay=&#8221;off&#8221; alignment=&#8221;center&#8221; background_layout=&#8221;dark&#8221; allow_player_pause=&#8221;off&#8221; text_border_radius=&#8221;3&#8243; header_font_select=&#8221;default&#8221; header_font=&#8221;||||&#8221; body_font_select=&#8221;default&#8221; body_font=&#8221;||||&#8221; custom_button=&#8221;off&#8221; button_font_select=&#8221;default&#8221; button_font=&#8221;||||&#8221; button_use_icon=&#8221;default&#8221; button_icon_placement=&#8221;right&#8221; button_on_hover=&#8221;on&#8221;][\/et_pb_slide]<\/p>\n<p>[\/et_pb_slider][\/et_pb_column][\/et_pb_row][et_pb_row admin_label=&#8221;Fila&#8221;][et_pb_column type=&#8221;1_4&#8243;][\/et_pb_column][et_pb_column type=&#8221;1_2&#8243;][et_pb_text admin_label=&#8221;Texto&#8221; background_layout=&#8221;light&#8221; text_orientation=&#8221;left&#8221; use_border_color=&#8221;off&#8221; border_color=&#8221;#ffffff&#8221; border_style=&#8221;solid&#8221;]<\/p>\n<h1 style=\"text-align: center;\">\u00bfEN QU\u00c8 PODEM AJUDAR-TE?<\/h1>\n<ul class=\"inicio-ayudarte\">\n<li><a href=\"http:\/\/lequilibridelcos.com\/ca\/en-que-podemos-ayudarte\/#alteraciones-en-la-columna-vertebral-y-malos-habitos-posturales\"><i class=\"fa fa-arrow-circle-right\"><\/i> Alteracions en la columna vertebral i mals h\u00e0bits posturals<\/a><\/li>\n<li><a href=\"http:\/\/lequilibridelcos.com\/ca\/en-que-podemos-ayudarte\/#problemas-musculares\"><i class=\"fa fa-arrow-circle-right\"><\/i> Problemes musculars<\/a><\/li>\n<li><a href=\"http:\/\/lequilibridelcos.com\/ca\/en-que-podemos-ayudarte\/#alteraciones-viscerales-funcionales\"><i class=\"fa fa-arrow-circle-right\"><\/i> Alteracions viscerals (funcionals)<\/a><\/li>\n<li><a href=\"http:\/\/lequilibridelcos.com\/ca\/en-que-podemos-ayudarte\/#disfunciones-de-suelo-pelvico\/postparto\"><i class=\"fa fa-arrow-circle-right\"><\/i> Disfuncions del s\u00f2l p\u00e8lvic (postpart)<\/a><\/li>\n<li><a href=\"http:\/\/lequilibridelcos.com\/ca\/en-que-podemos-ayudarte\/#pesadez-de-piernas-cansadas\"><i class=\"fa fa-arrow-circle-right\"><\/i> Pesadesa de cames o cames cansades<\/a><\/li>\n<li><a href=\"http:\/\/lequilibridelcos.com\/ca\/en-que-podemos-ayudarte\/#estres-y-problemas-de-descanso\"><i class=\"fa fa-arrow-circle-right\"><\/i> Estr\u00e8s i problemes de descans<\/a><\/li>\n<li><a href=\"http:\/\/lequilibridelcos.com\/ca\/en-que-podemos-ayudarte\/#dolores-de-cabeza-migra\u00f1as-mareos\"><i class=\"fa fa-arrow-circle-right\"><\/i> Mals de cap, migranyes o marejos<\/a><\/li>\n<\/ul>\n<p>[\/et_pb_text][\/et_pb_column][et_pb_column type=&#8221;1_4&#8243;][\/et_pb_column][\/et_pb_row][\/et_pb_section]<\/p>\n","protected":false},"excerpt":{"rendered":"<p>\u00bfEN QU\u00c8 PODEM AJUDAR-TE? Alteracions en la columna&#8230;<\/p>\n","protected":false},"author":1,"featured_media":0,"parent":0,"menu_order":0,"comment_status":"closed","ping_status":"open","template":"page-full.php","meta":{"_et_pb_use_builder":"on","_et_pb_old_content":"Esto es una p\u00e1gina de ejemplo. Es diferente a una entrada porque permanece fija en un lugar y se mostrar\u00e1 en la navegaci\u00f3n de tu sitio (en la mayor\u00eda de los temas). La mayor\u00eda de la gente empieza con una p\u00e1gina de Acerca de, que les presenta a los potenciales visitantes del sitio. Podr\u00eda ser algo como esto:\r\n\r\n<blockquote>\u00a1Hola! Soy mensajero por el d\u00eda, aspirante a actor por la noche, y este es mi blog. Vivo en Madrid, tengo un perrazo llamado Duque y me gustan las pi\u00f1as coladas (y que me pille un chaparr\u00f3n)<\/blockquote>\r\n\r\n...o algo as\u00ed:\r\n\r\n<blockquote>La empresa XYZ se fund\u00f3 en 1971 y ha estado ofreciendo \"cosas\" de calidad al p\u00fablico desde entonces. Situada en Madrid, XYZ emplea a m\u00e1s de 2.000 personas y hace todo tipo de cosas sorprendentes para la comunidad de Madrid.<\/blockquote>\r\n\r\nSi eres nuevo en WordPress deber\u00edas ir a <a href=\"https:\/\/lequilibridelcos.com\/wp-admin\/\">tu escritorio<\/a> para borrar esta p\u00e1gina y crear p\u00e1ginas nuevas con tu propio contenido. \u00a1P\u00e1salo bien!","_et_gb_content_width":""},"_links":{"self":[{"href":"https:\/\/lequilibridelcos.com\/ca\/wp-json\/wp\/v2\/pages\/178"}],"collection":[{"href":"https:\/\/lequilibridelcos.com\/ca\/wp-json\/wp\/v2\/pages"}],"about":[{"href":"https:\/\/lequilibridelcos.com\/ca\/wp-json\/wp\/v2\/types\/page"}],"author":[{"embeddable":true,"href":"https:\/\/lequilibridelcos.com\/ca\/wp-json\/wp\/v2\/users\/1"}],"replies":[{"embeddable":true,"href":"https:\/\/lequilibridelcos.com\/ca\/wp-json\/wp\/v2\/comments?post=178"}],"version-history":[{"count":3,"href":"https:\/\/lequilibridelcos.com\/ca\/wp-json\/wp\/v2\/pages\/178\/revisions"}],"predecessor-version":[{"id":199,"href":"https:\/\/lequilibridelcos.com\/ca\/wp-json\/wp\/v2\/pages\/178\/revisions\/199"}],"wp:attachment":[{"href":"https:\/\/lequilibridelcos.com\/ca\/wp-json\/wp\/v2\/media?parent=178"}],"curies":[{"name":"wp","href":"https:\/\/api.w.org\/{rel}","templated":true}]}}