{"id":182,"date":"2016-11-06T14:18:28","date_gmt":"2016-11-06T14:18:28","guid":{"rendered":"https:\/\/lequilibridelcos.com\/ca\/tractaments\/osteopatia\/"},"modified":"2016-11-19T17:55:12","modified_gmt":"2016-11-19T17:55:12","slug":"osteopatia","status":"publish","type":"page","link":"https:\/\/lequilibridelcos.com\/ca\/tractaments\/osteopatia\/","title":{"rendered":"Osteopat\u00eda"},"content":{"rendered":"<p>[et_pb_section admin_label=&#8221;section&#8221;][et_pb_row admin_label=&#8221;row&#8221;][et_pb_column type=&#8221;4_4&#8243;][et_pb_text admin_label=&#8221;Texto&#8221; background_layout=&#8221;light&#8221; text_orientation=&#8221;left&#8221; use_border_color=&#8221;off&#8221; border_color=&#8221;#ffffff&#8221; border_style=&#8221;solid&#8221;]<\/p>\n<p style=\"text-align: justify;\">La Osteopat\u00eda ajuda a equilibrar l&#8217;organisme, centrant-se en la seva estructura i millorant a partir d&#8217;aquesta el funcionament del cos. Utilitza t\u00e8cniques suaus, segures i adaptades a cada pacient i a les seves necessitats tenint en compte la seva edat, tipologia i estat de salut.<\/p>\n<p style=\"text-align: justify;\">La osteopat\u00eda tamb\u00e9 pot ajudar-te:<\/p>\n<p>NENS I BEUS.<\/p>\n<p>La osteopat\u00eda ofereix en els nens l&#8217;avantatge de poder actuar de manera preventiva i pot representar un gran \u00e8xit en el tractament de malalties infantils; tant les que tenen un origen gen\u00e8tic o embrionari com les derivades del proc\u00e9s de gestaci\u00f3 i sobretot del part.<\/p>\n<p>El naixement \u00e9s un dels processos vitals m\u00e9s estresants. El beb\u00e8 \u00e9s sotm\u00e8s a nombroses pressions tals com la for\u00e7a de les contraccions uterines i la resist\u00e8ncia natural del canal de sortida.<\/p>\n<p>El cap del beb\u00e8 absorbeix amb normalitat aquestes tensions i pressions per\u00f2, en ocasions, el crani no pot adaptar-se b\u00e9 i poden apar\u00e8ixer petites lesions, sobretot en parts on s&#8217;han utilitzat f\u00f3rceps o esp\u00e0tules. La conseq\u00fc\u00e8ncia pot ser que el beb\u00e8 mantingui tensions inc\u00f2modes tant en el cap com en el cos.<\/p>\n<p>A mesura que el nen creix, aquestes tensions mantingudes poden afectar el seu desenvolupament psicomotriu i tamb\u00e9 a les seves defenses fent-ho m\u00e9s vulnerable a les infeccions.<\/p>\n<p>Amb la osteopat\u00eda podem ajudar a resoldre aquestes tensions i millorar aix\u00ed la salut del beb\u00e8.<\/p>\n<p style=\"text-align: justify;\">Indicacions:<\/p>\n<ul>\n<li style=\"text-align: justify;\">Beb\u00e8 llor\u00f3n i irritable.<\/li>\n<li style=\"text-align: justify;\">Problemes de succi\u00f3.<\/li>\n<li style=\"text-align: justify;\">C\u00f2lics.<\/li>\n<li style=\"text-align: justify;\">Problemes per dormir.<\/li>\n<li style=\"text-align: justify;\">Infeccions: sinusitis, bronquitis, otitis, asma.<\/li>\n<li style=\"text-align: justify;\">Problemes digestius.<\/li>\n<\/ul>\n<p style=\"text-align: justify;\">\n<p style=\"text-align: justify;\">EMBARASSADES<\/p>\n<p>Durant l&#8217;embar\u00e0s el cos de la dona est\u00e0 sotm\u00e8s a nombrosos canvis. La naturalesa ha preparat l&#8217;organisme per a aquests canvis. De vegades, no obstant aix\u00f2, apareixen petits problemes d&#8217;adaptaci\u00f3 que poden ocasionar mol\u00e8sties com ciatalgia, lumb\u00e0lgia, cremor d&#8217;est\u00f3mac, etc<\/p>\n<p>La osteopat\u00eda tamb\u00e9 ajuda a mantenir una bona mobilitat dels teixits i els ossos de la pelvis (sacre, coxis, il\u00edacos). Aquesta bona mobilitat permetr\u00e0 un part m\u00e9s f\u00e0cil i el m\u00e9s natural possible.<\/p>\n<p>El tractament osteop\u00e1tico despr\u00e9s del part ajudar\u00e0 a reequilibrar la zona p\u00e8lvica.<\/p>\n<p style=\"text-align: justify;\">Indicacions:<\/p>\n<ul>\n<li style=\"text-align: justify;\">Problemes esquel\u00e8tics: lumb\u00e0lgies, ciatalgias, cervicalgia, dorsalgia.<\/li>\n<li style=\"text-align: justify;\">Problemes digestius: restrenyiment, cremor d&#8217;est\u00f3mac, hemorroides, etc<\/li>\n<li style=\"text-align: justify;\">Problemes circulatoris: edemes en les extremitats, varices, etc<\/li>\n<\/ul>\n<p style=\"text-align: justify;\">\n<p style=\"text-align: justify;\">Neus Garcia Calvet.<\/p>\n<p style=\"text-align: justify;\">Diplomada en fisioter\u00e0pia.<\/p>\n<p style=\"text-align: justify;\">Oste\u00f2pata<\/p>\n<p style=\"text-align: justify;\">Llicenciada en psicologia<\/p>\n<p style=\"text-align: justify;\">Formaci\u00f3 espec\u00edfica en ginecologia i obstetr\u00edcia; en RPG (reeducaci\u00f3 postural global); en<\/p>\n<p style=\"text-align: justify;\">l\u2019eneagrama, en t\u00e8cniques de relaxaci\u00f3 i en consci\u00e8ncia corporal. Experi\u00e8ncia com a terapeuta i docent.<\/p>\n<p>[\/et_pb_text][et_pb_image admin_label=&#8221;Imagen&#8221; src=&#8221;http:\/\/lequilibridelcos.com\/wp-content\/uploads\/2016\/11\/tratamientos-osteopatica.jpg&#8221; show_in_lightbox=&#8221;off&#8221; url_new_window=&#8221;off&#8221; use_overlay=&#8221;off&#8221; animation=&#8221;fade_in&#8221; sticky=&#8221;off&#8221; align=&#8221;center&#8221; force_fullwidth=&#8221;off&#8221; always_center_on_mobile=&#8221;on&#8221; use_border_color=&#8221;off&#8221; border_color=&#8221;#ffffff&#8221; border_style=&#8221;solid&#8221;] [\/et_pb_image][\/et_pb_column][\/et_pb_row][\/et_pb_section]<\/p>\n","protected":false},"excerpt":{"rendered":"<p>La Osteopat\u00eda ajuda a equilibrar l&#8217;organisme,&#8230;<\/p>\n","protected":false},"author":1,"featured_media":0,"parent":171,"menu_order":0,"comment_status":"closed","ping_status":"closed","template":"page-full.php","meta":{"_et_pb_use_builder":"on","_et_pb_old_content":"","_et_gb_content_width":""},"_links":{"self":[{"href":"https:\/\/lequilibridelcos.com\/ca\/wp-json\/wp\/v2\/pages\/182"}],"collection":[{"href":"https:\/\/lequilibridelcos.com\/ca\/wp-json\/wp\/v2\/pages"}],"about":[{"href":"https:\/\/lequilibridelcos.com\/ca\/wp-json\/wp\/v2\/types\/page"}],"author":[{"embeddable":true,"href":"https:\/\/lequilibridelcos.com\/ca\/wp-json\/wp\/v2\/users\/1"}],"replies":[{"embeddable":true,"href":"https:\/\/lequilibridelcos.com\/ca\/wp-json\/wp\/v2\/comments?post=182"}],"version-history":[{"count":2,"href":"https:\/\/lequilibridelcos.com\/ca\/wp-json\/wp\/v2\/pages\/182\/revisions"}],"predecessor-version":[{"id":203,"href":"https:\/\/lequilibridelcos.com\/ca\/wp-json\/wp\/v2\/pages\/182\/revisions\/203"}],"up":[{"embeddable":true,"href":"https:\/\/lequilibridelcos.com\/ca\/wp-json\/wp\/v2\/pages\/171"}],"wp:attachment":[{"href":"https:\/\/lequilibridelcos.com\/ca\/wp-json\/wp\/v2\/media?parent=182"}],"curies":[{"name":"wp","href":"https:\/\/api.w.org\/{rel}","templated":true}]}}