{"id":201,"date":"2016-11-04T21:43:41","date_gmt":"2016-11-04T21:43:41","guid":{"rendered":"https:\/\/lequilibridelcos.com\/ca\/tractaments\/fisioterapia\/"},"modified":"2016-11-19T17:50:58","modified_gmt":"2016-11-19T17:50:58","slug":"fisioterapia","status":"publish","type":"page","link":"https:\/\/lequilibridelcos.com\/ca\/tractaments\/fisioterapia\/","title":{"rendered":"Fisioter\u00e0pia"},"content":{"rendered":"<p>[et_pb_section admin_label=&#8221;section&#8221;][et_pb_row admin_label=&#8221;row&#8221;][et_pb_column type=&#8221;4_4&#8243;][et_pb_text admin_label=&#8221;Texto&#8221; background_layout=&#8221;light&#8221; text_orientation=&#8221;left&#8221; use_border_color=&#8221;off&#8221; border_color=&#8221;#ffffff&#8221; border_style=&#8221;solid&#8221;]<\/p>\n<p style=\"text-align: justify;\">El fisioterapeuta \u00e9s un professional sanitari titulat que interv\u00e9 quan la salut es veu alterada. Ho fa per mitj\u00e0 d&#8217;un tractament ajustat a la simptomatologia que presenta el pacient. Les seves eines de treball s\u00f3n principalment les seves mans.<\/p>\n<p style=\"text-align: justify;\">En L\u00b4EquilibriDelCos treballem cada dia amb dedicaci\u00f3 i lliurament per oferir-te Fisioter\u00e0pia de qualitat, basada en tractaments personalitzats a les teves necessitats. <a href=\"\/ca\/tractaments\/\">Alguns dels tractaments que oferim<\/a>:<\/p>\n<ul class=\"vitruvio-list\">\n<li style=\"text-align: justify;\">Ter\u00e0pia Manual<\/li>\n<li style=\"text-align: justify;\">Reeducaci\u00f3 postural<\/li>\n<li style=\"text-align: justify;\">Alteracions viscerals<\/li>\n<li style=\"text-align: justify;\">Disfuncions del s\u00f2l p\u00e8lvic<\/li>\n<li style=\"text-align: justify;\">Hipopresivos<\/li>\n<li style=\"text-align: justify;\">Inducci\u00f3 miofascial<\/li>\n<li style=\"text-align: justify;\">Ter\u00e0pia craneo-sacra<\/li>\n<li style=\"text-align: justify;\">Neurodinamia<\/li>\n<li style=\"text-align: justify;\">Electroterapia<\/li>\n<li style=\"text-align: justify;\">Massatges terap\u00e8utics i relaxants<\/li>\n<li style=\"text-align: justify;\">Massatge esportiu<\/li>\n<li style=\"text-align: justify;\">Drenatge Limf\u00e0tic Manual<\/li>\n<li style=\"text-align: justify;\">Punts Gallet<\/li>\n<li style=\"text-align: justify;\">Kinesiotapping<\/li>\n<li style=\"text-align: justify;\">\u2026.entre uns altres<\/li>\n<\/ul>\n<p>[\/et_pb_text][et_pb_image admin_label=&#8221;Imagen&#8221; src=&#8221;http:\/\/lequilibridelcos.com\/wp-content\/uploads\/2016\/11\/Fisioterapia-1.jpg&#8221; show_in_lightbox=&#8221;off&#8221; url_new_window=&#8221;off&#8221; use_overlay=&#8221;off&#8221; animation=&#8221;fade_in&#8221; sticky=&#8221;off&#8221; align=&#8221;center&#8221; force_fullwidth=&#8221;off&#8221; always_center_on_mobile=&#8221;on&#8221; use_border_color=&#8221;off&#8221; border_color=&#8221;#ffffff&#8221; border_style=&#8221;solid&#8221;]<br \/>\n[\/et_pb_image][\/et_pb_column][\/et_pb_row][\/et_pb_section]<\/p>\n","protected":false},"excerpt":{"rendered":"<p>El fisioterapeuta \u00e9s un professional sanitari titulat&#8230;<\/p>\n","protected":false},"author":1,"featured_media":0,"parent":171,"menu_order":0,"comment_status":"closed","ping_status":"closed","template":"page-full.php","meta":{"_et_pb_use_builder":"on","_et_pb_old_content":"","_et_gb_content_width":""},"_links":{"self":[{"href":"https:\/\/lequilibridelcos.com\/ca\/wp-json\/wp\/v2\/pages\/201"}],"collection":[{"href":"https:\/\/lequilibridelcos.com\/ca\/wp-json\/wp\/v2\/pages"}],"about":[{"href":"https:\/\/lequilibridelcos.com\/ca\/wp-json\/wp\/v2\/types\/page"}],"author":[{"embeddable":true,"href":"https:\/\/lequilibridelcos.com\/ca\/wp-json\/wp\/v2\/users\/1"}],"replies":[{"embeddable":true,"href":"https:\/\/lequilibridelcos.com\/ca\/wp-json\/wp\/v2\/comments?post=201"}],"version-history":[{"count":1,"href":"https:\/\/lequilibridelcos.com\/ca\/wp-json\/wp\/v2\/pages\/201\/revisions"}],"predecessor-version":[{"id":202,"href":"https:\/\/lequilibridelcos.com\/ca\/wp-json\/wp\/v2\/pages\/201\/revisions\/202"}],"up":[{"embeddable":true,"href":"https:\/\/lequilibridelcos.com\/ca\/wp-json\/wp\/v2\/pages\/171"}],"wp:attachment":[{"href":"https:\/\/lequilibridelcos.com\/ca\/wp-json\/wp\/v2\/media?parent=201"}],"curies":[{"name":"wp","href":"https:\/\/api.w.org\/{rel}","templated":true}]}}